{"id":216,"date":"2020-04-18T12:43:14","date_gmt":"2020-04-18T10:43:14","guid":{"rendered":"https:\/\/urlaubleval.de\/?page_id=216"},"modified":"2023-05-06T08:50:55","modified_gmt":"2023-05-06T06:50:55","slug":"umgebung","status":"publish","type":"page","link":"https:\/\/urlaubleval.de\/index.php\/umgebung\/","title":{"rendered":"Umgebung"},"content":{"rendered":"\n<div class=\"wp-block-group alignwide is-layout-flow\"><div class=\"wp-block-group__inner-container\">\n<div class=\"wp-block-group alignwide is-layout-flow\"><div class=\"wp-block-group__inner-container\">\n<div class=\"wp-block-group alignwide is-layout-flow\"><div class=\"wp-block-group__inner-container\">\n<div class=\"wp-block-group alignwide is-layout-flow\"><div class=\"wp-block-group__inner-container\">\n<div class=\"wp-block-group alignwide is-layout-flow\"><div class=\"wp-block-group__inner-container\">\n<p class=\"has-large-font-size\"><strong>Lasst uns ein wenig die Umgebung erkunden!<\/strong><\/p>\n<\/div><\/div>\n<\/div><\/div>\n<\/div><\/div>\n<\/div><\/div>\n<\/div><\/div>\n\n\n\n<div class=\"wp-block-columns alignwide is-layout-flex wp-container-10\">\n<div class=\"wp-block-column is-layout-flow\">\n<div class=\"wp-block-group is-layout-flow\"><div class=\"wp-block-group__inner-container\">\n<div class=\"wp-block-group alignwide is-layout-flow\"><div class=\"wp-block-group__inner-container\"><div class=\"wp-block-image\">\n<figure class=\"aligncenter size-large\"><img decoding=\"async\" loading=\"lazy\" width=\"800\" height=\"600\" src=\"https:\/\/urlaubleval.de\/wp-content\/uploads\/2020\/04\/Schlucht.jpg\" alt=\"\" class=\"wp-image-123\" srcset=\"https:\/\/urlaubleval.de\/wp-content\/uploads\/2020\/04\/Schlucht.jpg 800w, https:\/\/urlaubleval.de\/wp-content\/uploads\/2020\/04\/Schlucht-300x225.jpg 300w, https:\/\/urlaubleval.de\/wp-content\/uploads\/2020\/04\/Schlucht-768x576.jpg 768w\" sizes=\"(max-width: 800px) 100vw, 800px\" \/><\/figure><\/div><\/div><\/div>\n<\/div><\/div>\n\n\n\n<p class=\"has-large-font-size\"><strong>Die Verdonschlucht &#8222;Gorges du Verdon&#8220;<\/strong><\/p>\n\n\n\n<p class=\"has-normal-font-size\">Knapp 40 Kilometer n\u00f6rdlich von Le Val befindet sich die Verdonschlucht. Nahe der Gemeinde Sestriere hat sich der Fluss eine Furche in die Kalkmassive der Haute-Provence gegraben und somit die Verdonschlucht geformt, die von bis zu 250 Meter hohen Felsw\u00e4nden \u00fcberragt wird. Der \u00fcber 20 Kilometer lange und bis zu 700 Meter tiefe Canyon ist einer der gr\u00f6\u00dften Canyons Europas und Hauptbestandteil des nach ihm benannten Regionalen Naturparks Verdon.<\/p>\n\n\n\n<p class=\"has-normal-font-size\">Hier k\u00f6nnt ihr wundersch\u00f6ne Wanderungen unternehmen, Kanu fahren, klettern oder einfach nur die Aussicht genie\u00dfen. Die Schlucht endet am Lac de Sainte-Croix<\/p>\n\n\n\n<p><\/p>\n<\/div>\n\n\n\n<div class=\"wp-block-column is-layout-flow\"><div class=\"wp-block-image\">\n<figure class=\"aligncenter size-large\"><img decoding=\"async\" loading=\"lazy\" width=\"800\" height=\"600\" src=\"https:\/\/urlaubleval.de\/wp-content\/uploads\/2020\/04\/See.jpg\" alt=\"\" class=\"wp-image-116\" srcset=\"https:\/\/urlaubleval.de\/wp-content\/uploads\/2020\/04\/See.jpg 800w, https:\/\/urlaubleval.de\/wp-content\/uploads\/2020\/04\/See-300x225.jpg 300w, https:\/\/urlaubleval.de\/wp-content\/uploads\/2020\/04\/See-768x576.jpg 768w\" sizes=\"(max-width: 800px) 100vw, 800px\" \/><\/figure><\/div>\n\n\n<p class=\"has-large-font-size\"><strong>Der Lac de Sainte-Croix<\/strong><\/p>\n\n\n\n<p class=\"has-normal-font-size\">Der See l\u00e4dt nicht nur zum Picknicken und Schwimmen ein. Es finden sich Verleihm\u00f6glichkeiten f\u00fcr Surfbretter und Seegelboote.  Treetbootfahren und Angeln ist ebenfalls m\u00f6glich. Er gilt als einer der sch\u00f6nsten Seen der Provence.<\/p>\n\n\n\n<p><\/p>\n<\/div>\n<\/div>\n\n\n\n<div class=\"wp-block-columns alignwide is-layout-flex wp-container-13\">\n<div class=\"wp-block-column is-layout-flow\">\n<figure class=\"wp-block-image size-large\"><img decoding=\"async\" loading=\"lazy\" width=\"1024\" height=\"768\" src=\"https:\/\/urlaubleval.de\/wp-content\/uploads\/2020\/08\/Strandneu1-1024x768.jpg\" alt=\"\" class=\"wp-image-405\" srcset=\"https:\/\/urlaubleval.de\/wp-content\/uploads\/2020\/08\/Strandneu1-1024x768.jpg 1024w, https:\/\/urlaubleval.de\/wp-content\/uploads\/2020\/08\/Strandneu1-300x225.jpg 300w, https:\/\/urlaubleval.de\/wp-content\/uploads\/2020\/08\/Strandneu1-768x576.jpg 768w, https:\/\/urlaubleval.de\/wp-content\/uploads\/2020\/08\/Strandneu1-1536x1152.jpg 1536w, https:\/\/urlaubleval.de\/wp-content\/uploads\/2020\/08\/Strandneu1-2048x1536.jpg 2048w, https:\/\/urlaubleval.de\/wp-content\/uploads\/2020\/08\/Strandneu1-1200x900.jpg 1200w, https:\/\/urlaubleval.de\/wp-content\/uploads\/2020\/08\/Strandneu1-1980x1485.jpg 1980w\" sizes=\"(max-width: 1024px) 100vw, 1024px\" \/><\/figure>\n\n\n\n<p class=\"has-normal-font-size\">Nur 75 Kilometer von Le Val, in unmittelbarer N\u00e4he von Saint Tropez, befindet sich der \u00fcber 4 Kilometer lange <strong>Sandstrand von Ramatuelle<\/strong>.<\/p>\n<\/div>\n\n\n\n<div class=\"wp-block-column is-layout-flow\">\n<figure class=\"wp-block-image size-large\"><img decoding=\"async\" loading=\"lazy\" width=\"800\" height=\"600\" src=\"https:\/\/urlaubleval.de\/wp-content\/uploads\/2020\/04\/Markt.jpg\" alt=\"\" class=\"wp-image-121\" srcset=\"https:\/\/urlaubleval.de\/wp-content\/uploads\/2020\/04\/Markt.jpg 800w, https:\/\/urlaubleval.de\/wp-content\/uploads\/2020\/04\/Markt-300x225.jpg 300w, https:\/\/urlaubleval.de\/wp-content\/uploads\/2020\/04\/Markt-768x576.jpg 768w\" sizes=\"(max-width: 800px) 100vw, 800px\" \/><\/figure>\n\n\n\n<p class=\"has-normal-font-size\">Oder besucht einen der zahlreichen <strong>Wochenm\u00e4rkte<\/strong> in der Provence. Unser Foto zeigt den Markt von Le Val mit seinen lokalen K\u00f6stlichkeiten.<\/p>\n<\/div>\n<\/div>\n\n\n\n<div class=\"wp-block-group alignwide is-layout-flow\"><div class=\"wp-block-group__inner-container\">\n<div class=\"wp-block-group alignwide is-layout-flow\"><div class=\"wp-block-group__inner-container\">\n<div class=\"wp-block-group alignwide is-layout-flow\"><div class=\"wp-block-group__inner-container\">\n<div class=\"wp-block-group alignwide is-layout-flow\"><div class=\"wp-block-group__inner-container\">\n<p><strong>\t\t\t\t<div id=\"wp_mapit_dZ1T8YQDPp\" class=\"wp_mapit_multipin_map\" data-lat=\"43.444853375763\" data-lng=\"6.0283479094505\" data-zoom=\"9\" data-type=\"normal\" data-marker=\"https:\/\/urlaubleval.de\/wp-content\/plugins\/wp-mapit\/wp_mapit\/images\/map-pin.png\" data-width=\"100\" data-width-type=\"per\" data-height=\"400\" data-height-type=\"px\" data-pins=\"[{&quot;lat&quot;:&quot;43.444985797583&quot;,&quot;lng&quot;:&quot;6.02842042310038&quot;,&quot;marker_image&quot;:&quot;&quot;,&quot;marker_title&quot;:&quot;Haus Sch\\u00f6n&quot;,&quot;marker_content&quot;:&quot;Haus der Familie Sch\\u00f6n&quot;,&quot;marker_url&quot;:&quot;&quot;}]\"><\/div>\n\t\t\t<\/strong><\/p>\n<\/div><\/div>\n<\/div><\/div>\n<\/div><\/div>\n<\/div><\/div>\n","protected":false},"excerpt":{"rendered":"<p>Lasst uns ein wenig die Umgebung erkunden! Die Verdonschlucht &#8222;Gorges du Verdon&#8220; Knapp 40 Kilometer n\u00f6rdlich von Le Val befindet sich die Verdonschlucht. Nahe der Gemeinde Sestriere hat sich der Fluss eine Furche in die Kalkmassive der Haute-Provence gegraben und somit die Verdonschlucht geformt, die von bis zu 250 Meter hohen Felsw\u00e4nden \u00fcberragt wird. Der [&hellip;]<\/p>\n","protected":false},"author":1,"featured_media":0,"parent":0,"menu_order":0,"comment_status":"closed","ping_status":"closed","template":"","meta":[],"_links":{"self":[{"href":"https:\/\/urlaubleval.de\/index.php\/wp-json\/wp\/v2\/pages\/216"}],"collection":[{"href":"https:\/\/urlaubleval.de\/index.php\/wp-json\/wp\/v2\/pages"}],"about":[{"href":"https:\/\/urlaubleval.de\/index.php\/wp-json\/wp\/v2\/types\/page"}],"author":[{"embeddable":true,"href":"https:\/\/urlaubleval.de\/index.php\/wp-json\/wp\/v2\/users\/1"}],"replies":[{"embeddable":true,"href":"https:\/\/urlaubleval.de\/index.php\/wp-json\/wp\/v2\/comments?post=216"}],"version-history":[{"count":43,"href":"https:\/\/urlaubleval.de\/index.php\/wp-json\/wp\/v2\/pages\/216\/revisions"}],"predecessor-version":[{"id":431,"href":"https:\/\/urlaubleval.de\/index.php\/wp-json\/wp\/v2\/pages\/216\/revisions\/431"}],"wp:attachment":[{"href":"https:\/\/urlaubleval.de\/index.php\/wp-json\/wp\/v2\/media?parent=216"}],"curies":[{"name":"wp","href":"https:\/\/api.w.org\/{rel}","templated":true}]}}