{"id":2,"date":"2020-04-13T12:21:35","date_gmt":"2020-04-13T12:21:35","guid":{"rendered":"https:\/\/urlaubleval.de\/?page_id=2"},"modified":"2022-01-26T10:40:38","modified_gmt":"2022-01-26T08:40:38","slug":"sample-page","status":"publish","type":"page","link":"https:\/\/urlaubleval.de\/","title":{"rendered":"Urlaub in der Provence"},"content":{"rendered":"\n<div class=\"alignwide\"><div id=\"metaslider-id-136\" style=\"width: 100%;\" class=\"ml-slider-3-107-0 metaslider metaslider-flex metaslider-136 ml-slider ms-theme-default nav-hidden\" role=\"region\" aria-label=\"Neue Slideshow\" data-height=\"300\" data-width=\"700\">\n    <div id=\"metaslider_container_136\">\n        <div id=\"metaslider_136\">\n            <ul class='slides'>\n                <li style=\"display: block; width: 100%;\" class=\"slide-140 ms-image \" aria-roledescription=\"slide\" data-date=\"2020-04-15 10:36:13\" data-filename=\"Lavendel-700x300.jpg\" data-slide-type=\"image\"><img src=\"https:\/\/urlaubleval.de\/wp-content\/uploads\/2020\/04\/Lavendel-700x300.jpg\" height=\"300\" width=\"700\" alt=\"\" class=\"slider-136 slide-140 msDefaultImage\" title=\"Lavendel\" \/><\/li>\n                <li style=\"display: none; width: 100%;\" class=\"slide-137 ms-image \" aria-roledescription=\"slide\" data-date=\"2020-04-15 10:35:21\" data-filename=\"Bild1-1-700x300.jpg\" data-slide-type=\"image\"><img src=\"https:\/\/urlaubleval.de\/wp-content\/uploads\/2020\/04\/Bild1-1-700x300.jpg\" height=\"300\" width=\"700\" alt=\"\" class=\"slider-136 slide-137 msDefaultImage\" title=\"Bild1-1\" \/><\/li>\n                <li style=\"display: none; width: 100%;\" class=\"slide-138 ms-image \" aria-roledescription=\"slide\" data-date=\"2020-04-15 10:35:59\" data-filename=\"SlideshowSee.jpg\" data-slide-type=\"image\"><img src=\"https:\/\/urlaubleval.de\/wp-content\/uploads\/2020\/08\/SlideshowSee.jpg\" height=\"300\" width=\"700\" alt=\"\" class=\"slider-136 slide-138 msDefaultImage\" title=\"SlideshowSee\" \/><\/li>\n                <li style=\"display: none; width: 100%;\" class=\"slide-139 ms-image \" aria-roledescription=\"slide\" data-date=\"2020-04-15 10:36:05\" data-filename=\"SlideshowMarkt.jpg\" data-slide-type=\"image\"><img src=\"https:\/\/urlaubleval.de\/wp-content\/uploads\/2020\/08\/SlideshowMarkt.jpg\" height=\"300\" width=\"700\" alt=\"\" class=\"slider-136 slide-139 msDefaultImage\" title=\"SlideshowMarkt\" \/><\/li>\n                <li style=\"display: none; width: 100%;\" class=\"slide-141 ms-image \" aria-roledescription=\"slide\" data-date=\"2020-04-15 10:36:22\" data-filename=\"SlideshowStadt.jpg\" data-slide-type=\"image\"><img src=\"https:\/\/urlaubleval.de\/wp-content\/uploads\/2020\/08\/SlideshowStadt.jpg\" height=\"300\" width=\"700\" alt=\"\" class=\"slider-136 slide-141 msDefaultImage\" title=\"SlideshowStadt\" \/><\/li>\n                <li style=\"display: none; width: 100%;\" class=\"slide-412 ms-image \" aria-roledescription=\"slide\" data-date=\"2020-08-31 12:55:38\" data-filename=\"SlideshowMeer.jpg\" data-slide-type=\"image\"><img src=\"https:\/\/urlaubleval.de\/wp-content\/uploads\/2020\/08\/SlideshowMeer.jpg\" height=\"300\" width=\"700\" alt=\"\" class=\"slider-136 slide-412 msDefaultImage\" title=\"SlideshowMeer\" \/><\/li>\n            <\/ul>\n        <\/div>\n        \n    <\/div>\n<\/div><\/div>\n\n\n\n<div style=\"height:20px\" aria-hidden=\"true\" class=\"wp-block-spacer\"><\/div>\n\n\n\n<p><strong>Willkommen in der Provence!<\/strong><\/p>\n\n\n\n<p class=\"has-normal-font-size\">Unser Haus in Le Val bietet komfortablen Platz f\u00fcr 5 Personen. <\/p>\n\n\n\n<p class=\"has-normal-font-size\">Wir zeigen dir unser Haus, die Umgebung und geben dir n\u00fctzliche Tipps.<\/p>\n\n\n\n<p class=\"has-normal-font-size\">Viel Spa\u00df in S\u00fcdfrankreich !!!<\/p>\n","protected":false},"excerpt":{"rendered":"<p>Willkommen in der Provence! Unser Haus in Le Val bietet komfortablen Platz f\u00fcr 5 Personen. Wir zeigen dir unser Haus, die Umgebung und geben dir n\u00fctzliche Tipps. Viel Spa\u00df in S\u00fcdfrankreich !!!<\/p>\n","protected":false},"author":1,"featured_media":0,"parent":0,"menu_order":0,"comment_status":"closed","ping_status":"open","template":"","meta":[],"_links":{"self":[{"href":"https:\/\/urlaubleval.de\/index.php\/wp-json\/wp\/v2\/pages\/2"}],"collection":[{"href":"https:\/\/urlaubleval.de\/index.php\/wp-json\/wp\/v2\/pages"}],"about":[{"href":"https:\/\/urlaubleval.de\/index.php\/wp-json\/wp\/v2\/types\/page"}],"author":[{"embeddable":true,"href":"https:\/\/urlaubleval.de\/index.php\/wp-json\/wp\/v2\/users\/1"}],"replies":[{"embeddable":true,"href":"https:\/\/urlaubleval.de\/index.php\/wp-json\/wp\/v2\/comments?post=2"}],"version-history":[{"count":20,"href":"https:\/\/urlaubleval.de\/index.php\/wp-json\/wp\/v2\/pages\/2\/revisions"}],"predecessor-version":[{"id":421,"href":"https:\/\/urlaubleval.de\/index.php\/wp-json\/wp\/v2\/pages\/2\/revisions\/421"}],"wp:attachment":[{"href":"https:\/\/urlaubleval.de\/index.php\/wp-json\/wp\/v2\/media?parent=2"}],"curies":[{"name":"wp","href":"https:\/\/api.w.org\/{rel}","templated":true}]}}