{"id":13,"date":"2020-04-13T12:35:03","date_gmt":"2020-04-13T12:35:03","guid":{"rendered":"https:\/\/urlaubleval.de\/?page_id=13"},"modified":"2023-05-06T08:49:06","modified_gmt":"2023-05-06T06:49:06","slug":"the-new-umoma-opens-its-doors-2","status":"publish","type":"page","link":"https:\/\/urlaubleval.de\/index.php\/the-new-umoma-opens-its-doors-2\/","title":{"rendered":"Unser Haus"},"content":{"rendered":"\n<div class=\"wp-block-group is-layout-flow\"><div class=\"wp-block-group__inner-container\">\n<p class=\"has-background-background-color has-text-color has-background has-normal-font-size\" style=\"color:#1c2021\"><mark style=\"background-color:rgba(0, 0, 0, 0)\" class=\"has-inline-color has-primary-color\">60 Minuten vom Strand in Hyeres und 40 Minuten von Gorges du Verdon nahe Brignoles gelegen, bietet dieses ruhige Haus Platz f\u00fcr 5 Personen. Es liegt in einer kleinen Siedlung bei Le Val.<\/mark><\/p>\n<\/div><\/div>\n\n\n\n<div class=\"wp-block-columns alignwide is-layout-flex wp-container-10\">\n<div class=\"wp-block-column is-layout-flow\">\n<div class=\"wp-block-group is-layout-flow\"><div class=\"wp-block-group__inner-container\">\n<figure class=\"wp-block-image alignfull size-large\"><img decoding=\"async\" loading=\"lazy\" width=\"800\" height=\"600\" src=\"https:\/\/urlaubleval.de\/wp-content\/uploads\/2020\/04\/Bild1.jpg\" alt=\"\" class=\"wp-image-58\" srcset=\"https:\/\/urlaubleval.de\/wp-content\/uploads\/2020\/04\/Bild1.jpg 800w, https:\/\/urlaubleval.de\/wp-content\/uploads\/2020\/04\/Bild1-300x225.jpg 300w, https:\/\/urlaubleval.de\/wp-content\/uploads\/2020\/04\/Bild1-768x576.jpg 768w\" sizes=\"(max-width: 800px) 100vw, 800px\" \/><\/figure>\n\n\n\n<p class=\"has-normal-font-size\">Idyllisch gelegen am Waldrand<\/p>\n<\/div><\/div>\n\n\n\n<div class=\"wp-block-group is-layout-flow\"><div class=\"wp-block-group__inner-container\">\n<div style=\"height:50px\" aria-hidden=\"true\" class=\"wp-block-spacer\"><\/div>\n<\/div><\/div>\n\n\n\n<div class=\"wp-block-group is-layout-flow\"><div class=\"wp-block-group__inner-container\">\n<figure class=\"wp-block-image alignfull size-large\"><img decoding=\"async\" loading=\"lazy\" width=\"800\" height=\"600\" src=\"https:\/\/urlaubleval.de\/wp-content\/uploads\/2020\/04\/Essbereich-2.jpg\" alt=\"\" class=\"wp-image-94\" srcset=\"https:\/\/urlaubleval.de\/wp-content\/uploads\/2020\/04\/Essbereich-2.jpg 800w, https:\/\/urlaubleval.de\/wp-content\/uploads\/2020\/04\/Essbereich-2-300x225.jpg 300w, https:\/\/urlaubleval.de\/wp-content\/uploads\/2020\/04\/Essbereich-2-768x576.jpg 768w\" sizes=\"(max-width: 800px) 100vw, 800px\" \/><\/figure>\n\n\n\n<p class=\"has-normal-font-size\">Das Haus verf\u00fcgt \u00fcber 2 Schlafzimmer, 2 B\u00e4der, Wohnzimmer, sowie eine gut ausgestattete K\u00fcche, die in den Essbereich \u00fcbergeht.<\/p>\n<\/div><\/div>\n\n\n\n<p><\/p>\n<\/div>\n\n\n\n<div class=\"wp-block-column is-layout-flow\">\n<div class=\"wp-block-group is-layout-flow\"><div class=\"wp-block-group__inner-container\">\n<figure class=\"wp-block-image alignfull size-large\"><img decoding=\"async\" loading=\"lazy\" width=\"800\" height=\"600\" src=\"https:\/\/urlaubleval.de\/wp-content\/uploads\/2020\/08\/Poolneu1.jpg\" alt=\"\" class=\"wp-image-403\" srcset=\"https:\/\/urlaubleval.de\/wp-content\/uploads\/2020\/08\/Poolneu1.jpg 800w, https:\/\/urlaubleval.de\/wp-content\/uploads\/2020\/08\/Poolneu1-300x225.jpg 300w, https:\/\/urlaubleval.de\/wp-content\/uploads\/2020\/08\/Poolneu1-768x576.jpg 768w\" sizes=\"(max-width: 800px) 100vw, 800px\" \/><\/figure>\n\n\n\n<p class=\"has-normal-font-size\">Auf dem Gel\u00e4nde stehen zur Mitbenutzung zwei Swimming Pools zur Verf\u00fcgung<\/p>\n<\/div><\/div>\n\n\n\n<div class=\"wp-block-group is-layout-flow\"><div class=\"wp-block-group__inner-container\">\n<div style=\"height:20px\" aria-hidden=\"true\" class=\"wp-block-spacer\"><\/div>\n<\/div><\/div>\n\n\n\n<div class=\"wp-block-group is-layout-flow\"><div class=\"wp-block-group__inner-container\">\n<figure class=\"wp-block-image alignfull size-large\"><img decoding=\"async\" loading=\"lazy\" width=\"800\" height=\"600\" src=\"https:\/\/urlaubleval.de\/wp-content\/uploads\/2020\/04\/Terrasse.jpg\" alt=\"\" class=\"wp-image-95\" srcset=\"https:\/\/urlaubleval.de\/wp-content\/uploads\/2020\/04\/Terrasse.jpg 800w, https:\/\/urlaubleval.de\/wp-content\/uploads\/2020\/04\/Terrasse-300x225.jpg 300w, https:\/\/urlaubleval.de\/wp-content\/uploads\/2020\/04\/Terrasse-768x576.jpg 768w\" sizes=\"(max-width: 800px) 100vw, 800px\" \/><\/figure>\n\n\n\n<p class=\"has-normal-font-size\">Hinter dem Haus befindet sich der Garten mit Korkeichen und Pinienb\u00e4umen sowie eine Veranda zum gem\u00fctlichen Sitzen und Speisen.<\/p>\n<\/div><\/div>\n\n\n\n<p><\/p>\n<\/div>\n<\/div>\n\n\n\n<figure class=\"wp-block-gallery alignwide has-nested-images columns-default is-cropped wp-block-gallery-11 is-layout-flex\">\n<figure class=\"wp-block-image size-large\"><img decoding=\"async\" loading=\"lazy\" width=\"800\" height=\"600\" data-id=\"100\"  src=\"https:\/\/urlaubleval.de\/wp-content\/uploads\/2020\/04\/Schlafzimmer.jpg\" alt=\"\" class=\"wp-image-100\" srcset=\"https:\/\/urlaubleval.de\/wp-content\/uploads\/2020\/04\/Schlafzimmer.jpg 800w, https:\/\/urlaubleval.de\/wp-content\/uploads\/2020\/04\/Schlafzimmer-300x225.jpg 300w, https:\/\/urlaubleval.de\/wp-content\/uploads\/2020\/04\/Schlafzimmer-768x576.jpg 768w\" sizes=\"(max-width: 800px) 100vw, 800px\" \/><\/figure>\n\n\n\n<figure class=\"wp-block-image size-large\"><img decoding=\"async\" loading=\"lazy\" width=\"800\" height=\"600\" data-id=\"103\"  src=\"https:\/\/urlaubleval.de\/wp-content\/uploads\/2020\/04\/Wohnzimmer.jpg\" alt=\"\" class=\"wp-image-103\" srcset=\"https:\/\/urlaubleval.de\/wp-content\/uploads\/2020\/04\/Wohnzimmer.jpg 800w, https:\/\/urlaubleval.de\/wp-content\/uploads\/2020\/04\/Wohnzimmer-300x225.jpg 300w, https:\/\/urlaubleval.de\/wp-content\/uploads\/2020\/04\/Wohnzimmer-768x576.jpg 768w\" sizes=\"(max-width: 800px) 100vw, 800px\" \/><\/figure>\n\n\n\n<figure class=\"wp-block-image size-large\"><img decoding=\"async\" loading=\"lazy\" width=\"1024\" height=\"768\" data-id=\"99\"  src=\"https:\/\/urlaubleval.de\/wp-content\/uploads\/2020\/04\/Schlafzimmerklein-1024x768.jpg\" alt=\"\" class=\"wp-image-99\" srcset=\"https:\/\/urlaubleval.de\/wp-content\/uploads\/2020\/04\/Schlafzimmerklein-1024x768.jpg 1024w, https:\/\/urlaubleval.de\/wp-content\/uploads\/2020\/04\/Schlafzimmerklein-300x225.jpg 300w, https:\/\/urlaubleval.de\/wp-content\/uploads\/2020\/04\/Schlafzimmerklein-768x576.jpg 768w, https:\/\/urlaubleval.de\/wp-content\/uploads\/2020\/04\/Schlafzimmerklein-1536x1152.jpg 1536w, https:\/\/urlaubleval.de\/wp-content\/uploads\/2020\/04\/Schlafzimmerklein-2048x1536.jpg 2048w, https:\/\/urlaubleval.de\/wp-content\/uploads\/2020\/04\/Schlafzimmerklein-1200x900.jpg 1200w, https:\/\/urlaubleval.de\/wp-content\/uploads\/2020\/04\/Schlafzimmerklein-1980x1485.jpg 1980w\" sizes=\"(max-width: 1024px) 100vw, 1024px\" \/><\/figure>\n<\/figure>\n\n\n\n<p class=\"has-normal-font-size\">Das gro\u00dfe Schlafzimmer verf\u00fcgt \u00fcber ein Doppel und ein Einzelbett, das kleinere \u00fcber ein Doppelbett. Desweiteren befindet sich im Wohnzimmer eine Ausziehcouch f\u00fcr Besucher.<\/p>\n","protected":false},"excerpt":{"rendered":"<p>60 Minuten vom Strand in Hyeres und 40 Minuten von Gorges du Verdon nahe Brignoles gelegen, bietet dieses ruhige Haus Platz f\u00fcr 5 Personen. Es liegt in einer kleinen Siedlung bei Le Val. Idyllisch gelegen am Waldrand Das Haus verf\u00fcgt \u00fcber 2 Schlafzimmer, 2 B\u00e4der, Wohnzimmer, sowie eine gut ausgestattete K\u00fcche, die in den Essbereich [&hellip;]<\/p>\n","protected":false},"author":1,"featured_media":0,"parent":0,"menu_order":0,"comment_status":"closed","ping_status":"closed","template":"","meta":[],"_links":{"self":[{"href":"https:\/\/urlaubleval.de\/index.php\/wp-json\/wp\/v2\/pages\/13"}],"collection":[{"href":"https:\/\/urlaubleval.de\/index.php\/wp-json\/wp\/v2\/pages"}],"about":[{"href":"https:\/\/urlaubleval.de\/index.php\/wp-json\/wp\/v2\/types\/page"}],"author":[{"embeddable":true,"href":"https:\/\/urlaubleval.de\/index.php\/wp-json\/wp\/v2\/users\/1"}],"replies":[{"embeddable":true,"href":"https:\/\/urlaubleval.de\/index.php\/wp-json\/wp\/v2\/comments?post=13"}],"version-history":[{"count":36,"href":"https:\/\/urlaubleval.de\/index.php\/wp-json\/wp\/v2\/pages\/13\/revisions"}],"predecessor-version":[{"id":430,"href":"https:\/\/urlaubleval.de\/index.php\/wp-json\/wp\/v2\/pages\/13\/revisions\/430"}],"wp:attachment":[{"href":"https:\/\/urlaubleval.de\/index.php\/wp-json\/wp\/v2\/media?parent=13"}],"curies":[{"name":"wp","href":"https:\/\/api.w.org\/{rel}","templated":true}]}}